{"id":36,"date":"2024-12-17T10:48:37","date_gmt":"2024-12-17T09:48:37","guid":{"rendered":"https:\/\/zugspitz.m2mserver.de\/?page_id=36"},"modified":"2025-07-22T08:21:34","modified_gmt":"2025-07-22T06:21:34","slug":"imprint","status":"publish","type":"page","link":"https:\/\/www.hotel-garni-zugspitz.de\/en\/imprint\/","title":{"rendered":"Imprint"},"content":{"rendered":"<div data-elementor-type=\"wp-page\" data-elementor-id=\"36\" class=\"elementor elementor-36\" data-elementor-post-type=\"page\">\n\t\t\t\t<div class=\"elementor-element elementor-element-bc355ae e-flex e-con-boxed e-con e-parent\" data-id=\"bc355ae\" data-element_type=\"container\" id=\"top\" data-settings=\"{&quot;background_background&quot;:&quot;classic&quot;}\">\n\t\t\t\t\t<div class=\"e-con-inner\">\n\t\t<div class=\"elementor-element elementor-element-b589604 e-con-full e-flex e-con e-child\" data-id=\"b589604\" data-element_type=\"container\">\n\t\t\t\t<div class=\"elementor-element elementor-element-38896e6 elementor-widget elementor-widget-heading\" data-id=\"38896e6\" data-element_type=\"widget\" data-widget_type=\"heading.default\">\n\t\t\t\t<div class=\"elementor-widget-container\">\n\t\t\t\t\t<span class=\"elementor-heading-title elementor-size-default\">Everything important at a glance<\/span>\t\t\t\t<\/div>\n\t\t\t\t<\/div>\n\t\t\t\t<div class=\"elementor-element elementor-element-f9cbb8e elementor-widget-divider--view-line elementor-widget elementor-widget-divider\" data-id=\"f9cbb8e\" data-element_type=\"widget\" data-widget_type=\"divider.default\">\n\t\t\t\t<div class=\"elementor-widget-container\">\n\t\t\t\t\t\t\t<div class=\"elementor-divider\">\n\t\t\t<span class=\"elementor-divider-separator\">\n\t\t\t\t\t\t<\/span>\n\t\t<\/div>\n\t\t\t\t\t\t<\/div>\n\t\t\t\t<\/div>\n\t\t\t\t<\/div>\n\t\t\t\t\t<\/div>\n\t\t\t\t<\/div>\n\t\t<div class=\"elementor-element elementor-element-d4fe579 e-flex e-con-boxed e-con e-parent\" data-id=\"d4fe579\" data-element_type=\"container\">\n\t\t\t\t\t<div class=\"e-con-inner\">\n\t\t\t\t<div class=\"elementor-element elementor-element-f3a109c floating elementor-view-default elementor-widget elementor-widget-icon\" data-id=\"f3a109c\" data-element_type=\"widget\" data-widget_type=\"icon.default\">\n\t\t\t\t<div class=\"elementor-widget-container\">\n\t\t\t\t\t\t\t<div class=\"elementor-icon-wrapper\">\n\t\t\t<a class=\"elementor-icon\" href=\"#down\">\n\t\t\t<svg xmlns=\"http:\/\/www.w3.org\/2000\/svg\" id=\"Ebene_1\" viewbox=\"0 0 17.4 10.1\"><defs><style>          <\/style><\/defs><polygon class=\"st0\" points=\"8.7 10.1 0 1.4 1.4 0 8.7 7.3 16 0 17.4 1.4 8.7 10.1\"><\/polygon><\/svg>\t\t\t<\/a>\n\t\t<\/div>\n\t\t\t\t\t\t<\/div>\n\t\t\t\t<\/div>\n\t\t\t\t\t<\/div>\n\t\t\t\t<\/div>\n\t\t<div class=\"elementor-element elementor-element-7210930 e-flex e-con-boxed e-con e-parent\" data-id=\"7210930\" data-element_type=\"container\" id=\"down\">\n\t\t\t\t\t<div class=\"e-con-inner\">\n\t\t<div class=\"elementor-element elementor-element-a968b74 e-con-full e-flex e-con e-child\" data-id=\"a968b74\" data-element_type=\"container\">\n\t\t\t\t<div class=\"elementor-element elementor-element-be48d38 elementor-widget elementor-widget-heading\" data-id=\"be48d38\" data-element_type=\"widget\" data-widget_type=\"heading.default\">\n\t\t\t\t<div class=\"elementor-widget-container\">\n\t\t\t\t\t<h1 class=\"elementor-heading-title elementor-size-default\">Imprint<\/h1>\t\t\t\t<\/div>\n\t\t\t\t<\/div>\n\t\t\t\t<div class=\"elementor-element elementor-element-bab60c4 elementor-widget elementor-widget-text-editor\" data-id=\"bab60c4\" data-element_type=\"widget\" data-widget_type=\"text-editor.default\">\n\t\t\t\t<div class=\"elementor-widget-container\">\n\t\t\t\t\t\t\t\t\t<p>Valentin Struger<br \/>Hotel Garni Zugspitz<br \/>M\u00fchld\u00f6rflstrasse 4<br \/>82490 Farchant<\/p><h2>Contact us<\/h2><p>Phone: +49 (0) 88 21 \/ 96260<br \/>Fax: +49 (0) 8821 \/ 962636<br \/>E-mail: struger@hotel-garni-zugspitz.de<\/p><p>Sales tax identification number according to \u00a7 27 a sales tax law:<br \/>DE 233 305 856<\/p><h3>Information on professional liability insurance<\/h3><p>Generali Deutschland Versicherung AG<br \/>Adenauerring 7<br \/>81737 Munich<br \/>Area of application: Germany<\/p><h3>Consumer dispute resolution\/universal arbitration board<\/h3><p>We are not willing or obliged to participate in dispute resolution proceedings before a consumer arbitration board.<\/p><h3>Website:<\/h3><p><a style=\"color: #ffffff!important;\" href=\"https:\/\/www.multi2media.de\" target=\"_blank\" rel=\"noopener noreferrer\">Multi2Media advertising agency<\/a><\/p><h3>Image material:<\/h3><p>Robert Phelke Lightroom Studios<br \/>Florian Weber weberbuidl<br \/>\u00a9Christian | <a style=\"color: #ffffff!important;\" href=\"https:\/\/stock.adobe.com\/de\/images\/the-german-mountain-lake-eibsee-with-clear-water-and-people-on-their-stand-up-paddle-boards-with-the-mountain-zugspitze-in-the-background\/495291193?prev_url=Detail\" target=\"_blank\" rel=\"noopener\">stock.adobe.com<\/a><br \/>\u00a9Volker Werner | <a style=\"color: #ffffff!important;\" href=\"https:\/\/stock.adobe.com\/de\/images\/garmisch-partenkirchen-partnachklamm\/48110835?prev_url=detail\" target=\"_blank\" rel=\"noopener\">stock.adobe.com<\/a><br \/>\u00a9westend61 | <a style=\"color: #ffffff!important;\" href=\"https:\/\/elements.envato.com\/de\/germany-bavaria-sunrise-on-zugspitze-view-on-muenc-CH95XTB\" target=\"_blank\" rel=\"noopener\">elements.envato.com<\/a><br \/>\u00a9manfredxy | <a style=\"color: #ffffff!important;\" href=\"https:\/\/elements.envato.com\/aerial-view-over-the-village-of-garmisch-PKX2JL5\" target=\"_blank\" rel=\"noopener\">elements.envato.com<\/a><br \/>\u00a9TanahAirStudio | <a style=\"color: #ffffff!important;\" href=\"https:\/\/elements.envato.com\/de\/ui-icon-set-MUGC82Q\" target=\"_blank\" rel=\"noopener\">elements.envato.com<\/a><br \/>\u00a9Wencory | <a style=\"color: #ffffff!important;\" href=\"https:\/\/elements.envato.com\/de\/hotel-icons-EC2NRL7\" target=\"_blank\" rel=\"noopener\">elements.envato.com<\/a><br \/>\u00a9KseniiaG | <a style=\"color: #ffffff!important;\" href=\"https:\/\/depositphotos.com\/vector\/hand-drawn-summer-wild-flowers-frame-vector-illustration-sketch-stile-374213596.html\" target=\"_blank\" rel=\"noopener\">depositphotos.com<\/a><br \/>\u00a9Emanuel Haas | <a style=\"color: #ffffff!important;\" href=\"https:\/\/unsplash.com\/de\/fotos\/ein-schwarz-weiss-foto-eines-berges-b4NOdw8hgjM\" target=\"_blank\" rel=\"noopener\">unsplash.com<\/a><br \/>\u00a9Joshua Kettle | <a style=\"color: #ffffff!important;\" href=\"https:\/\/unsplash.com\/de\/fotos\/ein-schwarz-weiss-foto-einer-bergkette-9Z0vpLW7c48\" target=\"_blank\" rel=\"noopener\">unsplash.com<\/a><br \/>\u00a9Kilian Karger | <a style=\"color: #ffffff!important;\" href=\"https:\/\/unsplash.com\/de\/fotos\/graustufenfoto-einer-person-die-auf-den-berg-klettert-xRzS3h05jKs\" target=\"_blank\" rel=\"noopener\">unsplash.com<\/a><br \/>\u00a9Mohamed B. | <a style=\"color: #ffffff!important;\" href=\"https:\/\/unsplash.com\/de\/fotos\/ein-schwarz-weiss-foto-eines-gebirges-p8jUugX8k1Y\" target=\"_blank\" rel=\"noopener\">unsplash.com<\/a><\/p>\t\t\t\t\t\t\t\t<\/div>\n\t\t\t\t<\/div>\n\t\t\t\t<\/div>\n\t\t\t\t\t<\/div>\n\t\t\t\t<\/div>\n\t\t\t\t<\/div>","protected":false},"excerpt":{"rendered":"<p>Everything important at a glance Imprint Valentin StrugerHotel Garni ZugspitzM\u00fchld\u00f6rflstra\u00dfe 482490 Farchant Contact Phone: +49 (0) 88 21 \/ 96260Telefax: +49 (0) 8821 \/ 962636E-mail: struger@hotel-garni-zugspitz.de Sales tax identification number according to \u00a7 27 a Umsatzsteuergesetz:DE 233 305 856 Information on professional liability insurance Generali Deutschland Versicherung AGAdenauerring 781737 MunichArea of application: Germany Consumer dispute resolution\/Universal arbitration board We are not willing or obliged to participate in dispute resolution proceedings before [...]<\/p>","protected":false},"author":1,"featured_media":0,"parent":0,"menu_order":0,"comment_status":"closed","ping_status":"closed","template":"","meta":{"_seopress_robots_primary_cat":"","_seopress_titles_title":"","_seopress_titles_desc":"","_seopress_robots_index":"","footnotes":""},"class_list":["post-36","page","type-page","status-publish","hentry"],"_links":{"self":[{"href":"https:\/\/www.hotel-garni-zugspitz.de\/en\/wp-json\/wp\/v2\/pages\/36","targetHints":{"allow":["GET"]}}],"collection":[{"href":"https:\/\/www.hotel-garni-zugspitz.de\/en\/wp-json\/wp\/v2\/pages"}],"about":[{"href":"https:\/\/www.hotel-garni-zugspitz.de\/en\/wp-json\/wp\/v2\/types\/page"}],"author":[{"embeddable":true,"href":"https:\/\/www.hotel-garni-zugspitz.de\/en\/wp-json\/wp\/v2\/users\/1"}],"replies":[{"embeddable":true,"href":"https:\/\/www.hotel-garni-zugspitz.de\/en\/wp-json\/wp\/v2\/comments?post=36"}],"version-history":[{"count":85,"href":"https:\/\/www.hotel-garni-zugspitz.de\/en\/wp-json\/wp\/v2\/pages\/36\/revisions"}],"predecessor-version":[{"id":1596,"href":"https:\/\/www.hotel-garni-zugspitz.de\/en\/wp-json\/wp\/v2\/pages\/36\/revisions\/1596"}],"wp:attachment":[{"href":"https:\/\/www.hotel-garni-zugspitz.de\/en\/wp-json\/wp\/v2\/media?parent=36"}],"curies":[{"name":"wp","href":"https:\/\/api.w.org\/{rel}","templated":true}]}}